{"id":146,"date":"2019-06-06T17:42:11","date_gmt":"2019-06-06T15:42:11","guid":{"rendered":"http:\/\/sts-france.com\/index.php\/mesmerize\/"},"modified":"2019-07-04T12:28:00","modified_gmt":"2019-07-04T10:28:00","slug":"mesmerize","status":"publish","type":"page","link":"https:\/\/sts-france.com\/","title":{"rendered":"Front Page"},"content":{"rendered":"<div  data-label=\"Contact\" data-id=\"contact--1\" data-export-id=\"contact-1-mc\" data-category=\"contact\" class=\"contact-1-mc content-section content-section-spacing white-text\" data-parallax-depth=\"20\" id=\"contact-1\" style=\"background-color: rgb(255, 255, 255); background-size: cover; background-position: center top;\"><div  class=\"gridContainer\"> <div  class=\"row text-center\"><div  class=\"section-title-col\" data-type=\"column\"> <h5  class=\"\">Would you like to know more ?<\/h5> <h2  class=\"\">Contactez nous !<\/h2> <p  class=\"lead\">Pour plus de renseignements sur nos savoir-faire, nous exposer votre projet, ou si vous d\u00e9sirez nous rencontrer, remplissez le formulaire et nous vous contacterons dans les plus brefs d\u00e9lais.<\/p><\/div> <\/div> <div  class=\"row text-center\"> <div  class=\"col-xs-12 col-sm-8 col-sm-offset-2 contact-form-wrapper inline-info\"> <div  class=\"card large-padding\"> <div  class=\"\" data-content-shortcode=\"mesmerize_contact_form shortcode=&quot;wpforms id=&amp;amp;quot;155&amp;amp;quot; title=&amp;amp;quot;false&amp;amp;quot; description=&amp;amp;quot;false&amp;amp;quot;&quot;\" data-editable=\"true\"><div class=\"wpforms-container wpforms-container-full\" id=\"wpforms-155\"><form id=\"wpforms-form-155\" class=\"wpforms-validate wpforms-form\" data-formid=\"155\" method=\"post\" enctype=\"multipart\/form-data\" action=\"\/index.php\/wp-json\/wp\/v2\/pages\/146\"><noscript class=\"wpforms-error-noscript\">Please enable JavaScript in your browser to complete this form.<\/noscript><div class=\"wpforms-field-container\"><div id=\"wpforms-155-field_0-container\" class=\"wpforms-field wpforms-field-name\" data-field-id=\"0\"><label class=\"wpforms-field-label\" for=\"wpforms-155-field_0\">Nom <span class=\"wpforms-required-label\">*<\/span><\/label><div class=\"wpforms-field-row wpforms-field-medium\"><div class=\"wpforms-field-row-block wpforms-first wpforms-one-half\"><input type=\"text\" id=\"wpforms-155-field_0\" class=\"wpforms-field-name-first wpforms-field-required\" name=\"wpforms[fields][0][first]\" required><label for=\"wpforms-155-field_0\" class=\"wpforms-field-sublabel after \">First<\/label><\/div><div class=\"wpforms-field-row-block wpforms-one-half\"><input type=\"text\" id=\"wpforms-155-field_0-last\" class=\"wpforms-field-name-last wpforms-field-required\" name=\"wpforms[fields][0][last]\" required><label for=\"wpforms-155-field_0-last\" class=\"wpforms-field-sublabel after \">Last<\/label><\/div><\/div><\/div><div id=\"wpforms-155-field_1-container\" class=\"wpforms-field wpforms-field-email\" data-field-id=\"1\"><label class=\"wpforms-field-label\" for=\"wpforms-155-field_1\">E-mail <span class=\"wpforms-required-label\">*<\/span><\/label><input type=\"email\" id=\"wpforms-155-field_1\" class=\"wpforms-field-medium wpforms-field-required\" name=\"wpforms[fields][1]\" required><\/div><div id=\"wpforms-155-field_2-container\" class=\"wpforms-field wpforms-field-textarea\" data-field-id=\"2\"><label class=\"wpforms-field-label\" for=\"wpforms-155-field_2\">Commentaire ou message <span class=\"wpforms-required-label\">*<\/span><\/label><textarea id=\"wpforms-155-field_2\" class=\"wpforms-field-medium wpforms-field-required\" name=\"wpforms[fields][2]\" required><\/textarea><\/div><div id=\"wpforms-155-field_3-container\" class=\"wpforms-field wpforms-field-number\" data-field-id=\"3\"><label class=\"wpforms-field-label\" for=\"wpforms-155-field_3\">Num\u00e9ro de t\u00e9l\u00e9phone (optionnel)<\/label><input type=\"number\" pattern=\"\\d*\" id=\"wpforms-155-field_3\" class=\"wpforms-field-medium\" name=\"wpforms[fields][3]\" ><\/div><\/div><div class=\"wpforms-field wpforms-field-hp\"><label for=\"wpforms-155-field-hp\" class=\"wpforms-field-label\">Email<\/label><input type=\"text\" name=\"wpforms[hp]\" id=\"wpforms-155-field-hp\" class=\"wpforms-field-medium\"><\/div><input type=\"hidden\" name=\"wpforms[recaptcha]\" value=\"\"><div class=\"wpforms-submit-container\" ><input type=\"hidden\" name=\"wpforms[id]\" value=\"155\"><input type=\"hidden\" name=\"wpforms[author]\" value=\"1\"><button type=\"submit\" name=\"wpforms[submit]\" class=\"wpforms-submit \" id=\"wpforms-submit-155\" value=\"wpforms-submit\" aria-live=\"assertive\" data-alt-text=\"Envoi...\" data-submit-text=\"Envoyer\">Envoyer<\/button><\/div><\/form><\/div>  <!-- .wpforms-container --><\/div><\/div> <\/div><\/div> <\/div><\/div>","protected":false},"excerpt":{"rendered":"<p>Would you like to know more ? Contactez nous ! Pour plus de renseignements sur nos savoir-faire, nous exposer votre projet, ou si vous d\u00e9sirez nous rencontrer, remplissez le formulaire et nous vous contacterons dans les plus brefs d\u00e9lais.<\/p>\n","protected":false},"author":1,"featured_media":0,"parent":0,"menu_order":0,"comment_status":"closed","ping_status":"closed","template":"page-templates\/homepage.php","meta":{"footnotes":""},"_links":{"self":[{"href":"https:\/\/sts-france.com\/index.php\/wp-json\/wp\/v2\/pages\/146"}],"collection":[{"href":"https:\/\/sts-france.com\/index.php\/wp-json\/wp\/v2\/pages"}],"about":[{"href":"https:\/\/sts-france.com\/index.php\/wp-json\/wp\/v2\/types\/page"}],"author":[{"embeddable":true,"href":"https:\/\/sts-france.com\/index.php\/wp-json\/wp\/v2\/users\/1"}],"replies":[{"embeddable":true,"href":"https:\/\/sts-france.com\/index.php\/wp-json\/wp\/v2\/comments?post=146"}],"version-history":[{"count":4,"href":"https:\/\/sts-france.com\/index.php\/wp-json\/wp\/v2\/pages\/146\/revisions"}],"predecessor-version":[{"id":157,"href":"https:\/\/sts-france.com\/index.php\/wp-json\/wp\/v2\/pages\/146\/revisions\/157"}],"wp:attachment":[{"href":"https:\/\/sts-france.com\/index.php\/wp-json\/wp\/v2\/media?parent=146"}],"curies":[{"name":"wp","href":"https:\/\/api.w.org\/{rel}","templated":true}]}}