{"id":168,"date":"2020-04-23T12:30:27","date_gmt":"2020-04-23T10:30:27","guid":{"rendered":"http:\/\/sts-france.com\/?page_id=168"},"modified":"2020-04-23T12:31:18","modified_gmt":"2020-04-23T10:31:18","slug":"formation","status":"publish","type":"page","link":"https:\/\/sts-france.com\/index.php\/nos-competences\/formation\/","title":{"rendered":"Formation"},"content":{"rendered":"\n<p>Forts de plusieurs ann\u00e9es pass\u00e9es dans la formation d&#8217;adultes en milieu acad\u00e9mique ou professionnel, les personnels de STS peuvent vous proposer des offres de formation sur mesure. Notre exp\u00e9rience dans le domaine des composites couvrant tous les domaines, nous pouvons vous accompagner dans le d\u00e9veloppement de votre activit\u00e9 composite.<\/p>\n\n\n\n<p>Les formations dispens\u00e9es par STS-France peuvent se d\u00e9rouler en centre partenaire ou directement in situ dans l&#8217;entreprise. Nos formations reprennent les exigences actuelles des grands donneurs d&#8217;ordres en mati\u00e8re d&#8217;exigences qualit\u00e9s, de m\u00e9thodes et de mat\u00e9riaux. Les diff\u00e9rents modules et techniques sont r\u00e9guli\u00e8rement revus afin de proposer aux stagiaires une formation de tr\u00e8s haute qualit\u00e9.<\/p>\n\n\n\n<p>Travail sur l&#8217;aspect visuel, prototypage, am\u00e9lioration des caract\u00e9ristiques m\u00e9caniques des pi\u00e8ces, ou simple d\u00e9couverte des mat\u00e9riaux composites, nous sommes \u00e0 votre \u00e9coute pour mettre en place des formations cl\u00e9 en main.<\/p>\n","protected":false},"excerpt":{"rendered":"<p>Forts de plusieurs ann\u00e9es pass\u00e9es dans la formation d&#8217;adultes en milieu acad\u00e9mique ou professionnel, les personnels de STS peuvent vous proposer des offres de formation sur mesure. Notre exp\u00e9rience dans le domaine des composites couvrant tous les domaines, nous pouvons vous accompagner dans le d\u00e9veloppement de votre activit\u00e9 composite. Les formations dispens\u00e9es par STS-France peuvent&hellip; <br \/> <a class=\"read-more\" href=\"https:\/\/sts-france.com\/index.php\/nos-competences\/formation\/\">Read more<\/a><\/p>\n","protected":false},"author":1,"featured_media":0,"parent":26,"menu_order":1,"comment_status":"closed","ping_status":"closed","template":"","meta":{"footnotes":""},"_links":{"self":[{"href":"https:\/\/sts-france.com\/index.php\/wp-json\/wp\/v2\/pages\/168"}],"collection":[{"href":"https:\/\/sts-france.com\/index.php\/wp-json\/wp\/v2\/pages"}],"about":[{"href":"https:\/\/sts-france.com\/index.php\/wp-json\/wp\/v2\/types\/page"}],"author":[{"embeddable":true,"href":"https:\/\/sts-france.com\/index.php\/wp-json\/wp\/v2\/users\/1"}],"replies":[{"embeddable":true,"href":"https:\/\/sts-france.com\/index.php\/wp-json\/wp\/v2\/comments?post=168"}],"version-history":[{"count":3,"href":"https:\/\/sts-france.com\/index.php\/wp-json\/wp\/v2\/pages\/168\/revisions"}],"predecessor-version":[{"id":198,"href":"https:\/\/sts-france.com\/index.php\/wp-json\/wp\/v2\/pages\/168\/revisions\/198"}],"up":[{"embeddable":true,"href":"https:\/\/sts-france.com\/index.php\/wp-json\/wp\/v2\/pages\/26"}],"wp:attachment":[{"href":"https:\/\/sts-france.com\/index.php\/wp-json\/wp\/v2\/media?parent=168"}],"curies":[{"name":"wp","href":"https:\/\/api.w.org\/{rel}","templated":true}]}}