{"id":177,"date":"2020-04-23T12:44:23","date_gmt":"2020-04-23T10:44:23","guid":{"rendered":"http:\/\/sts-france.com\/?page_id=177"},"modified":"2020-04-23T12:45:49","modified_gmt":"2020-04-23T10:45:49","slug":"management-de-la-qualite","status":"publish","type":"page","link":"https:\/\/sts-france.com\/index.php\/nos-competences\/management-de-la-qualite\/","title":{"rendered":"Management de la qualit\u00e9"},"content":{"rendered":"\n<p>STS-France vous accompagne dans l&#8217;\u00e9tablissement d&#8217;une d\u00e9marche qualit\u00e9 et la mise en place d&#8217;un syst\u00e8me de management de la qualit\u00e9.<\/p>\n\n\n\n<p>En fonction de la taille de votre entreprise, de votre savoir-faire et de vos besoins, nous pouvons mettre en place des outils sp\u00e9cifiques, r\u00e9pondant aux exigences qualit\u00e9 du monde a\u00e9ronautique, comme l&#8217;ISO 9100 ou la PART 21.<\/p>\n\n\n\n<p>Form\u00e9s \u00e0 la gestion de la qualit\u00e9, nous pouvons \u00e9galement r\u00e9aliser des audits de votre syst\u00e8me qualit\u00e9 et vous accompagner dans la d\u00e9marche d&#8217;am\u00e9lioration continue, ou de certification par les organismes de contr\u00f4le.<\/p>\n","protected":false},"excerpt":{"rendered":"<p>STS-France vous accompagne dans l&#8217;\u00e9tablissement d&#8217;une d\u00e9marche qualit\u00e9 et la mise en place d&#8217;un syst\u00e8me de management de la qualit\u00e9. En fonction de la taille de votre entreprise, de votre savoir-faire et de vos besoins, nous pouvons mettre en place des outils sp\u00e9cifiques, r\u00e9pondant aux exigences qualit\u00e9 du monde a\u00e9ronautique, comme l&#8217;ISO 9100 ou la&hellip; <br \/> <a class=\"read-more\" href=\"https:\/\/sts-france.com\/index.php\/nos-competences\/management-de-la-qualite\/\">Read more<\/a><\/p>\n","protected":false},"author":1,"featured_media":0,"parent":26,"menu_order":0,"comment_status":"closed","ping_status":"closed","template":"","meta":{"footnotes":""},"_links":{"self":[{"href":"https:\/\/sts-france.com\/index.php\/wp-json\/wp\/v2\/pages\/177"}],"collection":[{"href":"https:\/\/sts-france.com\/index.php\/wp-json\/wp\/v2\/pages"}],"about":[{"href":"https:\/\/sts-france.com\/index.php\/wp-json\/wp\/v2\/types\/page"}],"author":[{"embeddable":true,"href":"https:\/\/sts-france.com\/index.php\/wp-json\/wp\/v2\/users\/1"}],"replies":[{"embeddable":true,"href":"https:\/\/sts-france.com\/index.php\/wp-json\/wp\/v2\/comments?post=177"}],"version-history":[{"count":2,"href":"https:\/\/sts-france.com\/index.php\/wp-json\/wp\/v2\/pages\/177\/revisions"}],"predecessor-version":[{"id":179,"href":"https:\/\/sts-france.com\/index.php\/wp-json\/wp\/v2\/pages\/177\/revisions\/179"}],"up":[{"embeddable":true,"href":"https:\/\/sts-france.com\/index.php\/wp-json\/wp\/v2\/pages\/26"}],"wp:attachment":[{"href":"https:\/\/sts-france.com\/index.php\/wp-json\/wp\/v2\/media?parent=177"}],"curies":[{"name":"wp","href":"https:\/\/api.w.org\/{rel}","templated":true}]}}