{"id":217,"date":"2020-04-23T13:02:00","date_gmt":"2020-04-23T11:02:00","guid":{"rendered":"http:\/\/sts-france.com\/?page_id=217"},"modified":"2020-04-23T13:02:00","modified_gmt":"2020-04-23T11:02:00","slug":"etude-de-projet","status":"publish","type":"page","link":"https:\/\/sts-france.com\/index.php\/nos-competences\/etude-de-projet\/","title":{"rendered":"\u00c9tude de projet"},"content":{"rendered":"\n<p>Nos comp\u00e9tences dans le domaine des mat\u00e9riaux, et plus sp\u00e9cifiquement des mat\u00e9riaux composites, nous permettent de vous apporter une r\u00e9ponse adapt\u00e9e \u00e0 vos interrogations. <br>Que vous soyez sous-traitant d&#8217;un grand donneur d&#8217;ordre, ind\u00e9pendant, ou juste particulier, nos connaissances sont \u00e0 votre service afin de donner vie \u00e0 vos id\u00e9es.<\/p>\n\n\n\n<p>Apr\u00e8s une pr\u00e9-\u00e9tude de votre projet, nous vous proposerons une solution en fonction de vos attentes et de vos ambitions, nos capacit\u00e9s pouvant aller jusqu&#8217;\u00e0 de la production en petite s\u00e9rie.<\/p>\n","protected":false},"excerpt":{"rendered":"<p>Nos comp\u00e9tences dans le domaine des mat\u00e9riaux, et plus sp\u00e9cifiquement des mat\u00e9riaux composites, nous permettent de vous apporter une r\u00e9ponse adapt\u00e9e \u00e0 vos interrogations. Que vous soyez sous-traitant d&#8217;un grand donneur d&#8217;ordre, ind\u00e9pendant, ou juste particulier, nos connaissances sont \u00e0 votre service afin de donner vie \u00e0 vos id\u00e9es. Apr\u00e8s une pr\u00e9-\u00e9tude de votre projet,&hellip; <br \/> <a class=\"read-more\" href=\"https:\/\/sts-france.com\/index.php\/nos-competences\/etude-de-projet\/\">Read more<\/a><\/p>\n","protected":false},"author":1,"featured_media":0,"parent":26,"menu_order":1,"comment_status":"closed","ping_status":"closed","template":"","meta":{"footnotes":""},"_links":{"self":[{"href":"https:\/\/sts-france.com\/index.php\/wp-json\/wp\/v2\/pages\/217"}],"collection":[{"href":"https:\/\/sts-france.com\/index.php\/wp-json\/wp\/v2\/pages"}],"about":[{"href":"https:\/\/sts-france.com\/index.php\/wp-json\/wp\/v2\/types\/page"}],"author":[{"embeddable":true,"href":"https:\/\/sts-france.com\/index.php\/wp-json\/wp\/v2\/users\/1"}],"replies":[{"embeddable":true,"href":"https:\/\/sts-france.com\/index.php\/wp-json\/wp\/v2\/comments?post=217"}],"version-history":[{"count":2,"href":"https:\/\/sts-france.com\/index.php\/wp-json\/wp\/v2\/pages\/217\/revisions"}],"predecessor-version":[{"id":219,"href":"https:\/\/sts-france.com\/index.php\/wp-json\/wp\/v2\/pages\/217\/revisions\/219"}],"up":[{"embeddable":true,"href":"https:\/\/sts-france.com\/index.php\/wp-json\/wp\/v2\/pages\/26"}],"wp:attachment":[{"href":"https:\/\/sts-france.com\/index.php\/wp-json\/wp\/v2\/media?parent=217"}],"curies":[{"name":"wp","href":"https:\/\/api.w.org\/{rel}","templated":true}]}}