{"id":24,"date":"2019-04-14T21:28:06","date_gmt":"2019-04-14T19:28:06","guid":{"rendered":"http:\/\/sts-france.com\/?page_id=24"},"modified":"2020-04-23T12:24:51","modified_gmt":"2020-04-23T10:24:51","slug":"galerie","status":"publish","type":"page","link":"https:\/\/sts-france.com\/index.php\/galerie\/","title":{"rendered":"Galerie"},"content":{"rendered":"\n<p style=\"font-size:32px\">Vous trouverez ici quelques exemples de projets que nous avons men\u00e9s.<\/p>\n\n\n\n<div style=\"height:50px\" aria-hidden=\"true\" class=\"wp-block-spacer\"><\/div>\n\n\n\n<hr class=\"wp-block-separator is-style-wide\"\/>\n\n\n\n<div style=\"height:25px\" aria-hidden=\"true\" class=\"wp-block-spacer\"><\/div>\n\n\n\n<div class=\"wp-block-media-text alignwide\"><figure class=\"wp-block-media-text__media\"><img loading=\"lazy\" decoding=\"async\" width=\"1024\" height=\"684\" src=\"http:\/\/sts-france.com\/wp-content\/uploads\/2020\/04\/P1030569-1024x684.jpg\" alt=\"\" class=\"wp-image-181\" srcset=\"https:\/\/sts-france.com\/wp-content\/uploads\/2020\/04\/P1030569-1024x684.jpg 1024w, https:\/\/sts-france.com\/wp-content\/uploads\/2020\/04\/P1030569-300x200.jpg 300w, https:\/\/sts-france.com\/wp-content\/uploads\/2020\/04\/P1030569-768x513.jpg 768w, https:\/\/sts-france.com\/wp-content\/uploads\/2020\/04\/P1030569-1617x1080.jpg 1617w\" sizes=\"(max-width: 1024px) 100vw, 1024px\" \/><\/figure><div class=\"wp-block-media-text__content\">\n<p style=\"font-size:23px\">Fabrication d&#8217;une s\u00e9rie de holsters<\/p>\n<\/div><\/div>\n\n\n\n<p>R\u00e9alis\u00e9s pour des personnels \u00e9voluant en v\u00e9hicule, les holsters d\u00e9velopp\u00e9s assurent une r\u00e9tention de niveau 2, c&#8217;est \u00e0 dire disposant de deux syst\u00e8mes ind\u00e9pendants de retenue de l&#8217;arme. Les holsters sont moul\u00e9s et ajust\u00e9s en fonction des habitudes des utilisateurs, et \u00e9quip\u00e9s avec un ensemble de connecteurs et adaptateurs permettant le port haut sur gilet lors des mouvements v\u00e9hicul\u00e9s et port moyen en plaque de hanche lors des mouvements d\u00e9barqu\u00e9s. Les syst\u00e8mes fournis permettent le passage facile et rapide d&#8217;une solution \u00e0 l&#8217;autre.<\/p>\n\n\n\n<div style=\"height:125px\" aria-hidden=\"true\" class=\"wp-block-spacer\"><\/div>\n\n\n\n<hr class=\"wp-block-separator\"\/>\n\n\n\n<div class=\"wp-block-media-text alignwide\" style=\"grid-template-columns:51% auto\"><figure class=\"wp-block-media-text__media\"><img loading=\"lazy\" decoding=\"async\" width=\"1024\" height=\"684\" src=\"http:\/\/sts-france.com\/wp-content\/uploads\/2020\/04\/P1030577-1024x684.jpg\" alt=\"\" class=\"wp-image-189\" srcset=\"https:\/\/sts-france.com\/wp-content\/uploads\/2020\/04\/P1030577-1024x684.jpg 1024w, https:\/\/sts-france.com\/wp-content\/uploads\/2020\/04\/P1030577-300x200.jpg 300w, https:\/\/sts-france.com\/wp-content\/uploads\/2020\/04\/P1030577-768x513.jpg 768w, https:\/\/sts-france.com\/wp-content\/uploads\/2020\/04\/P1030577-1617x1080.jpg 1617w\" sizes=\"(max-width: 1024px) 100vw, 1024px\" \/><\/figure><div class=\"wp-block-media-text__content\">\n<p style=\"font-size:23px\"><em>R\u00e9alisation de prototypes par impression 3D<\/em><\/p>\n<\/div><\/div>\n\n\n\n<p>Pour les besoins des projets men\u00e9s en interne, ou en prestation sp\u00e9cifique, STS peut r\u00e9aliser des prototypes fonctionnels par impression 3D. Nous maitrisons les technologies FDM (Fil fondu) et SLA-DLP (R\u00e9sine liquide).<\/p>\n\n\n\n<ul class=\"wp-block-gallery columns-3 is-cropped wp-block-gallery-1 is-layout-flex wp-block-gallery-is-layout-flex\"><li class=\"blocks-gallery-item\"><figure><img loading=\"lazy\" decoding=\"async\" width=\"1024\" height=\"477\" src=\"http:\/\/sts-france.com\/wp-content\/uploads\/2020\/04\/P1030578-1024x477.jpg\" alt=\"\" data-id=\"193\" data-link=\"http:\/\/sts-france.com\/p1030578\/\" class=\"wp-image-193\" srcset=\"https:\/\/sts-france.com\/wp-content\/uploads\/2020\/04\/P1030578-1024x477.jpg 1024w, https:\/\/sts-france.com\/wp-content\/uploads\/2020\/04\/P1030578-300x140.jpg 300w, https:\/\/sts-france.com\/wp-content\/uploads\/2020\/04\/P1030578-768x358.jpg 768w, https:\/\/sts-france.com\/wp-content\/uploads\/2020\/04\/P1030578-1920x894.jpg 1920w\" sizes=\"(max-width: 1024px) 100vw, 1024px\" \/><\/figure><\/li><li class=\"blocks-gallery-item\"><figure><img loading=\"lazy\" decoding=\"async\" width=\"1024\" height=\"684\" src=\"http:\/\/sts-france.com\/wp-content\/uploads\/2020\/04\/P1030580-1024x684.jpg\" alt=\"\" data-id=\"194\" data-link=\"http:\/\/sts-france.com\/p1030580\/\" class=\"wp-image-194\" srcset=\"https:\/\/sts-france.com\/wp-content\/uploads\/2020\/04\/P1030580-1024x684.jpg 1024w, https:\/\/sts-france.com\/wp-content\/uploads\/2020\/04\/P1030580-300x200.jpg 300w, https:\/\/sts-france.com\/wp-content\/uploads\/2020\/04\/P1030580-768x513.jpg 768w, https:\/\/sts-france.com\/wp-content\/uploads\/2020\/04\/P1030580-1617x1080.jpg 1617w\" sizes=\"(max-width: 1024px) 100vw, 1024px\" \/><\/figure><\/li><li class=\"blocks-gallery-item\"><figure><img loading=\"lazy\" decoding=\"async\" width=\"1024\" height=\"684\" src=\"http:\/\/sts-france.com\/wp-content\/uploads\/2020\/04\/P1030583-1024x684.jpg\" alt=\"\" data-id=\"195\" data-link=\"http:\/\/sts-france.com\/p1030583\/\" class=\"wp-image-195\" srcset=\"https:\/\/sts-france.com\/wp-content\/uploads\/2020\/04\/P1030583-1024x684.jpg 1024w, https:\/\/sts-france.com\/wp-content\/uploads\/2020\/04\/P1030583-300x200.jpg 300w, https:\/\/sts-france.com\/wp-content\/uploads\/2020\/04\/P1030583-768x513.jpg 768w, https:\/\/sts-france.com\/wp-content\/uploads\/2020\/04\/P1030583-1617x1080.jpg 1617w\" sizes=\"(max-width: 1024px) 100vw, 1024px\" \/><\/figure><\/li><li class=\"blocks-gallery-item\"><figure><img loading=\"lazy\" decoding=\"async\" width=\"1024\" height=\"786\" src=\"http:\/\/sts-france.com\/wp-content\/uploads\/2020\/04\/P1030584-1024x786.jpg\" alt=\"\" data-id=\"196\" data-link=\"http:\/\/sts-france.com\/p1030584\/\" class=\"wp-image-196\" srcset=\"https:\/\/sts-france.com\/wp-content\/uploads\/2020\/04\/P1030584-1024x786.jpg 1024w, https:\/\/sts-france.com\/wp-content\/uploads\/2020\/04\/P1030584-300x230.jpg 300w, https:\/\/sts-france.com\/wp-content\/uploads\/2020\/04\/P1030584-768x590.jpg 768w, https:\/\/sts-france.com\/wp-content\/uploads\/2020\/04\/P1030584-1407x1080.jpg 1407w\" sizes=\"(max-width: 1024px) 100vw, 1024px\" \/><\/figure><\/li><li class=\"blocks-gallery-item\"><figure><img loading=\"lazy\" decoding=\"async\" width=\"1024\" height=\"694\" src=\"http:\/\/sts-france.com\/wp-content\/uploads\/2020\/04\/P1030585-1024x694.jpg\" alt=\"\" data-id=\"192\" data-link=\"http:\/\/sts-france.com\/p1030585\/\" class=\"wp-image-192\" srcset=\"https:\/\/sts-france.com\/wp-content\/uploads\/2020\/04\/P1030585-1024x694.jpg 1024w, https:\/\/sts-france.com\/wp-content\/uploads\/2020\/04\/P1030585-300x203.jpg 300w, https:\/\/sts-france.com\/wp-content\/uploads\/2020\/04\/P1030585-768x521.jpg 768w, https:\/\/sts-france.com\/wp-content\/uploads\/2020\/04\/P1030585-1593x1080.jpg 1593w\" sizes=\"(max-width: 1024px) 100vw, 1024px\" \/><\/figure><\/li><\/ul>\n\n\n\n<p>Ces deux technologies permettent d&#8217;obtenir des pi\u00e8ces avec propri\u00e9t\u00e9s m\u00e9caniques, dans le cas d&#8217;une validation d&#8217;un assemblage (plut\u00f4t technologie thermoplastique \u00e0 fil fondu), ou des pi\u00e8ces d&#8217;aspect ayant des tol\u00e9rances g\u00e9om\u00e9triques serr\u00e9es (plut\u00f4t technologie thermodurcissable \u00e0 r\u00e9sine liquide)<\/p>\n\n\n\n<div style=\"height:125px\" aria-hidden=\"true\" class=\"wp-block-spacer\"><\/div>\n\n\n\n<hr class=\"wp-block-separator\"\/>\n\n\n\n<div class=\"wp-block-media-text alignwide\" style=\"grid-template-columns:55% auto\"><figure class=\"wp-block-media-text__media\"><img loading=\"lazy\" decoding=\"async\" width=\"1024\" height=\"579\" src=\"http:\/\/sts-france.com\/wp-content\/uploads\/2019\/04\/IMAG0663-1024x579.jpg\" alt=\"\" class=\"wp-image-73\" srcset=\"https:\/\/sts-france.com\/wp-content\/uploads\/2019\/04\/IMAG0663-1024x579.jpg 1024w, https:\/\/sts-france.com\/wp-content\/uploads\/2019\/04\/IMAG0663-300x170.jpg 300w, https:\/\/sts-france.com\/wp-content\/uploads\/2019\/04\/IMAG0663-768x434.jpg 768w, https:\/\/sts-france.com\/wp-content\/uploads\/2019\/04\/IMAG0663-1910x1080.jpg 1910w\" sizes=\"(max-width: 1024px) 100vw, 1024px\" \/><\/figure><div class=\"wp-block-media-text__content\">\n<p style=\"font-size:23px\"><em>Fabrication d&#8217;outillages en r\u00e9sine usinable sur CNC 3 axes<\/em><\/p>\n<\/div><\/div>\n\n\n\n<div style=\"height:20px\" aria-hidden=\"true\" class=\"wp-block-spacer\"><\/div>\n\n\n\n<ul class=\"wp-block-gallery alignright columns-2 is-cropped alignleft wp-block-gallery-2 is-layout-flex wp-block-gallery-is-layout-flex\"><li class=\"blocks-gallery-item\"><figure><a href=\"http:\/\/sts-france.com\/wp-content\/uploads\/2019\/04\/IMAG0714-1024x579.jpg\"><img loading=\"lazy\" decoding=\"async\" width=\"1024\" height=\"579\" src=\"http:\/\/sts-france.com\/wp-content\/uploads\/2019\/04\/IMAG0714-1024x579.jpg\" alt=\"\" data-id=\"74\" data-link=\"http:\/\/sts-france.com\/imag0714\/\" class=\"wp-image-74\" srcset=\"https:\/\/sts-france.com\/wp-content\/uploads\/2019\/04\/IMAG0714-1024x579.jpg 1024w, https:\/\/sts-france.com\/wp-content\/uploads\/2019\/04\/IMAG0714-300x170.jpg 300w, https:\/\/sts-france.com\/wp-content\/uploads\/2019\/04\/IMAG0714-768x434.jpg 768w, https:\/\/sts-france.com\/wp-content\/uploads\/2019\/04\/IMAG0714-1910x1080.jpg 1910w\" sizes=\"(max-width: 1024px) 100vw, 1024px\" \/><\/a><\/figure><\/li><li class=\"blocks-gallery-item\"><figure><a href=\"http:\/\/sts-france.com\/wp-content\/uploads\/2019\/04\/IMAG0662-1024x579.jpg\"><img loading=\"lazy\" decoding=\"async\" width=\"1024\" height=\"579\" src=\"http:\/\/sts-france.com\/wp-content\/uploads\/2019\/04\/IMAG0662-1024x579.jpg\" alt=\"\" data-id=\"72\" data-link=\"http:\/\/sts-france.com\/imag0662\/\" class=\"wp-image-72\" srcset=\"https:\/\/sts-france.com\/wp-content\/uploads\/2019\/04\/IMAG0662-1024x579.jpg 1024w, https:\/\/sts-france.com\/wp-content\/uploads\/2019\/04\/IMAG0662-300x170.jpg 300w, https:\/\/sts-france.com\/wp-content\/uploads\/2019\/04\/IMAG0662-768x434.jpg 768w, https:\/\/sts-france.com\/wp-content\/uploads\/2019\/04\/IMAG0662-1910x1080.jpg 1910w\" sizes=\"(max-width: 1024px) 100vw, 1024px\" \/><\/a><\/figure><\/li><li class=\"blocks-gallery-item\"><figure><a href=\"http:\/\/sts-france.com\/wp-content\/uploads\/2019\/04\/IMAG0660-1024x579.jpg\"><img loading=\"lazy\" decoding=\"async\" width=\"1024\" height=\"579\" src=\"http:\/\/sts-france.com\/wp-content\/uploads\/2019\/04\/IMAG0660-1024x579.jpg\" alt=\"\" data-id=\"71\" data-link=\"http:\/\/sts-france.com\/imag0660\/\" class=\"wp-image-71\" srcset=\"https:\/\/sts-france.com\/wp-content\/uploads\/2019\/04\/IMAG0660-1024x579.jpg 1024w, https:\/\/sts-france.com\/wp-content\/uploads\/2019\/04\/IMAG0660-300x170.jpg 300w, https:\/\/sts-france.com\/wp-content\/uploads\/2019\/04\/IMAG0660-768x434.jpg 768w, https:\/\/sts-france.com\/wp-content\/uploads\/2019\/04\/IMAG0660-1910x1080.jpg 1910w\" sizes=\"(max-width: 1024px) 100vw, 1024px\" \/><\/a><\/figure><\/li><li class=\"blocks-gallery-item\"><figure><a href=\"http:\/\/sts-france.com\/wp-content\/uploads\/2019\/04\/IMAG0659-1024x579.jpg\"><img loading=\"lazy\" decoding=\"async\" width=\"1024\" height=\"579\" src=\"http:\/\/sts-france.com\/wp-content\/uploads\/2019\/04\/IMAG0659-1024x579.jpg\" alt=\"\" data-id=\"70\" data-link=\"http:\/\/sts-france.com\/imag0659\/\" class=\"wp-image-70\" srcset=\"https:\/\/sts-france.com\/wp-content\/uploads\/2019\/04\/IMAG0659-1024x579.jpg 1024w, https:\/\/sts-france.com\/wp-content\/uploads\/2019\/04\/IMAG0659-300x170.jpg 300w, https:\/\/sts-france.com\/wp-content\/uploads\/2019\/04\/IMAG0659-768x434.jpg 768w, https:\/\/sts-france.com\/wp-content\/uploads\/2019\/04\/IMAG0659-1910x1080.jpg 1910w\" sizes=\"(max-width: 1024px) 100vw, 1024px\" \/><\/a><\/figure><\/li><\/ul>\n\n\n\n<p>Afin de r\u00e9aliser des pi\u00e8ces en mat\u00e9riaux composites par voie humide, nous avons r\u00e9alis\u00e9 des moules en r\u00e9sine usinable \u00e0 partir des mod\u00e8les 3D des pi\u00e8ces. Les outillages usin\u00e9s doivent ensuite \u00eatre pr\u00e9par\u00e9s \u00e0 la main afin de pr\u00e9senter une surface parfaitement lisse pour le moulage.<\/p>\n\n\n\n<div style=\"height:125px\" aria-hidden=\"true\" class=\"wp-block-spacer\"><\/div>\n\n\n\n<hr class=\"wp-block-separator\"\/>\n\n\n\n<div class=\"wp-block-media-text alignwide has-media-on-the-right\" style=\"grid-template-columns:auto 65%\"><figure class=\"wp-block-media-text__media\"><img loading=\"lazy\" decoding=\"async\" width=\"1024\" height=\"576\" src=\"http:\/\/sts-france.com\/wp-content\/uploads\/2019\/04\/IMAG1182-1024x576.jpg\" alt=\"\" class=\"wp-image-99\" srcset=\"https:\/\/sts-france.com\/wp-content\/uploads\/2019\/04\/IMAG1182-1024x576.jpg 1024w, https:\/\/sts-france.com\/wp-content\/uploads\/2019\/04\/IMAG1182-300x169.jpg 300w, https:\/\/sts-france.com\/wp-content\/uploads\/2019\/04\/IMAG1182-768x432.jpg 768w, https:\/\/sts-france.com\/wp-content\/uploads\/2019\/04\/IMAG1182-1920x1080.jpg 1920w\" sizes=\"(max-width: 1024px) 100vw, 1024px\" \/><\/figure><div class=\"wp-block-media-text__content\">\n<p style=\"font-size:30px\"><em>R\u00e9alisation d&#8217;un skateboard en fibre de carbone<\/em><\/p>\n<\/div><\/div>\n\n\n\n<div style=\"height:20px\" aria-hidden=\"true\" class=\"wp-block-spacer\"><\/div>\n\n\n\n<ul class=\"wp-block-gallery alignleft columns-3 is-cropped wp-block-gallery-3 is-layout-flex wp-block-gallery-is-layout-flex\"><li class=\"blocks-gallery-item\"><figure><a href=\"http:\/\/sts-france.com\/wp-content\/uploads\/2019\/04\/IMAG1196-e1555360131301-1024x520.jpg\"><img loading=\"lazy\" decoding=\"async\" width=\"1024\" height=\"520\" src=\"http:\/\/sts-france.com\/wp-content\/uploads\/2019\/04\/IMAG1196-e1555360131301-1024x520.jpg\" alt=\"\" data-id=\"109\" data-link=\"http:\/\/sts-france.com\/imag1196\/\" class=\"wp-image-109\" srcset=\"https:\/\/sts-france.com\/wp-content\/uploads\/2019\/04\/IMAG1196-e1555360131301-1024x520.jpg 1024w, https:\/\/sts-france.com\/wp-content\/uploads\/2019\/04\/IMAG1196-e1555360131301-300x152.jpg 300w, https:\/\/sts-france.com\/wp-content\/uploads\/2019\/04\/IMAG1196-e1555360131301-768x390.jpg 768w, https:\/\/sts-france.com\/wp-content\/uploads\/2019\/04\/IMAG1196-e1555360131301-1920x975.jpg 1920w\" sizes=\"(max-width: 1024px) 100vw, 1024px\" \/><\/a><\/figure><\/li><li class=\"blocks-gallery-item\"><figure><a href=\"http:\/\/sts-france.com\/wp-content\/uploads\/2019\/04\/IMAG1191-e1555357128371-1024x376.jpg\"><img loading=\"lazy\" decoding=\"async\" width=\"1024\" height=\"376\" src=\"http:\/\/sts-france.com\/wp-content\/uploads\/2019\/04\/IMAG1191-e1555357128371-1024x376.jpg\" alt=\"\" data-id=\"108\" data-link=\"http:\/\/sts-france.com\/imag1191\/\" class=\"wp-image-108\" srcset=\"https:\/\/sts-france.com\/wp-content\/uploads\/2019\/04\/IMAG1191-e1555357128371-1024x376.jpg 1024w, https:\/\/sts-france.com\/wp-content\/uploads\/2019\/04\/IMAG1191-e1555357128371-300x110.jpg 300w, https:\/\/sts-france.com\/wp-content\/uploads\/2019\/04\/IMAG1191-e1555357128371-768x282.jpg 768w, https:\/\/sts-france.com\/wp-content\/uploads\/2019\/04\/IMAG1191-e1555357128371-1920x705.jpg 1920w\" sizes=\"(max-width: 1024px) 100vw, 1024px\" \/><\/a><\/figure><\/li><li class=\"blocks-gallery-item\"><figure><a href=\"http:\/\/sts-france.com\/wp-content\/uploads\/2019\/04\/IMAG1189-e1555357188314-1024x420.jpg\"><img loading=\"lazy\" decoding=\"async\" width=\"1024\" height=\"420\" src=\"http:\/\/sts-france.com\/wp-content\/uploads\/2019\/04\/IMAG1189-e1555357188314-1024x420.jpg\" alt=\"\" data-id=\"106\" data-link=\"http:\/\/sts-france.com\/imag1189\/\" class=\"wp-image-106\" srcset=\"https:\/\/sts-france.com\/wp-content\/uploads\/2019\/04\/IMAG1189-e1555357188314-1024x420.jpg 1024w, https:\/\/sts-france.com\/wp-content\/uploads\/2019\/04\/IMAG1189-e1555357188314-300x123.jpg 300w, https:\/\/sts-france.com\/wp-content\/uploads\/2019\/04\/IMAG1189-e1555357188314-768x315.jpg 768w, https:\/\/sts-france.com\/wp-content\/uploads\/2019\/04\/IMAG1189-e1555357188314-1920x787.jpg 1920w\" sizes=\"(max-width: 1024px) 100vw, 1024px\" \/><\/a><\/figure><\/li><li class=\"blocks-gallery-item\"><figure><a href=\"http:\/\/sts-france.com\/wp-content\/uploads\/2019\/04\/IMAG1182-1024x576.jpg\"><img loading=\"lazy\" decoding=\"async\" width=\"1024\" height=\"576\" src=\"http:\/\/sts-france.com\/wp-content\/uploads\/2019\/04\/IMAG1182-1024x576.jpg\" alt=\"\" data-id=\"99\" data-link=\"http:\/\/sts-france.com\/imag1182\/\" class=\"wp-image-99\" srcset=\"https:\/\/sts-france.com\/wp-content\/uploads\/2019\/04\/IMAG1182-1024x576.jpg 1024w, https:\/\/sts-france.com\/wp-content\/uploads\/2019\/04\/IMAG1182-300x169.jpg 300w, https:\/\/sts-france.com\/wp-content\/uploads\/2019\/04\/IMAG1182-768x432.jpg 768w, https:\/\/sts-france.com\/wp-content\/uploads\/2019\/04\/IMAG1182-1920x1080.jpg 1920w\" sizes=\"(max-width: 1024px) 100vw, 1024px\" \/><\/a><\/figure><\/li><li class=\"blocks-gallery-item\"><figure><a href=\"http:\/\/sts-france.com\/wp-content\/uploads\/2019\/04\/IMAG1183-1024x576.jpg\"><img loading=\"lazy\" decoding=\"async\" width=\"1024\" height=\"576\" src=\"http:\/\/sts-france.com\/wp-content\/uploads\/2019\/04\/IMAG1183-1024x576.jpg\" alt=\"\" data-id=\"100\" data-link=\"http:\/\/sts-france.com\/imag1183\/\" class=\"wp-image-100\" srcset=\"https:\/\/sts-france.com\/wp-content\/uploads\/2019\/04\/IMAG1183-1024x576.jpg 1024w, https:\/\/sts-france.com\/wp-content\/uploads\/2019\/04\/IMAG1183-300x169.jpg 300w, https:\/\/sts-france.com\/wp-content\/uploads\/2019\/04\/IMAG1183-768x432.jpg 768w, https:\/\/sts-france.com\/wp-content\/uploads\/2019\/04\/IMAG1183-1920x1080.jpg 1920w\" sizes=\"(max-width: 1024px) 100vw, 1024px\" \/><\/a><\/figure><\/li><li class=\"blocks-gallery-item\"><figure><a href=\"http:\/\/sts-france.com\/wp-content\/uploads\/2019\/04\/IMAG1186-e1555357250701-1024x453.jpg\"><img loading=\"lazy\" decoding=\"async\" width=\"1024\" height=\"453\" src=\"http:\/\/sts-france.com\/wp-content\/uploads\/2019\/04\/IMAG1186-e1555357250701-1024x453.jpg\" alt=\"\" data-id=\"103\" data-link=\"http:\/\/sts-france.com\/imag1186\/\" class=\"wp-image-103\" srcset=\"https:\/\/sts-france.com\/wp-content\/uploads\/2019\/04\/IMAG1186-e1555357250701-1024x453.jpg 1024w, https:\/\/sts-france.com\/wp-content\/uploads\/2019\/04\/IMAG1186-e1555357250701-300x133.jpg 300w, https:\/\/sts-france.com\/wp-content\/uploads\/2019\/04\/IMAG1186-e1555357250701-768x340.jpg 768w, https:\/\/sts-france.com\/wp-content\/uploads\/2019\/04\/IMAG1186-e1555357250701-1920x849.jpg 1920w\" sizes=\"(max-width: 1024px) 100vw, 1024px\" \/><\/a><\/figure><\/li><\/ul>\n\n\n\n<p>Une \u00e2me en bois (Pin \/ Balsa) a \u00e9t\u00e9 usin\u00e9e et des fibres d&#8217;orientations choisies sont utilis\u00e9es pour donner de la rigidit\u00e9 \u00e0 la structure. Gr\u00e2ce aux choix d&#8217;orientation, la planche poss\u00e8de une grande solidit\u00e9 tout en \u00e9tant assez souple dans la longueur, pour r\u00e9pondre aux demandes du client. <\/p>\n\n\n\n<hr class=\"wp-block-separator\"\/>\n\n\n\n<div style=\"height:100px\" aria-hidden=\"true\" class=\"wp-block-spacer\"><\/div>\n","protected":false},"excerpt":{"rendered":"<p>Vous trouverez ici quelques exemples de projets que nous avons men\u00e9s. Fabrication d&#8217;une s\u00e9rie de holsters R\u00e9alis\u00e9s pour des personnels \u00e9voluant en v\u00e9hicule, les holsters d\u00e9velopp\u00e9s assurent une r\u00e9tention de niveau 2, c&#8217;est \u00e0 dire disposant de deux syst\u00e8mes ind\u00e9pendants de retenue de l&#8217;arme. Les holsters sont moul\u00e9s et ajust\u00e9s en fonction des habitudes des&hellip; <br \/> <a class=\"read-more\" href=\"https:\/\/sts-france.com\/index.php\/galerie\/\">Read more<\/a><\/p>\n","protected":false},"author":1,"featured_media":0,"parent":0,"menu_order":0,"comment_status":"closed","ping_status":"closed","template":"","meta":{"footnotes":""},"_links":{"self":[{"href":"https:\/\/sts-france.com\/index.php\/wp-json\/wp\/v2\/pages\/24"}],"collection":[{"href":"https:\/\/sts-france.com\/index.php\/wp-json\/wp\/v2\/pages"}],"about":[{"href":"https:\/\/sts-france.com\/index.php\/wp-json\/wp\/v2\/types\/page"}],"author":[{"embeddable":true,"href":"https:\/\/sts-france.com\/index.php\/wp-json\/wp\/v2\/users\/1"}],"replies":[{"embeddable":true,"href":"https:\/\/sts-france.com\/index.php\/wp-json\/wp\/v2\/comments?post=24"}],"version-history":[{"count":26,"href":"https:\/\/sts-france.com\/index.php\/wp-json\/wp\/v2\/pages\/24\/revisions"}],"predecessor-version":[{"id":197,"href":"https:\/\/sts-france.com\/index.php\/wp-json\/wp\/v2\/pages\/24\/revisions\/197"}],"wp:attachment":[{"href":"https:\/\/sts-france.com\/index.php\/wp-json\/wp\/v2\/media?parent=24"}],"curies":[{"name":"wp","href":"https:\/\/api.w.org\/{rel}","templated":true}]}}