{"id":26,"date":"2019-04-14T21:30:00","date_gmt":"2019-04-14T19:30:00","guid":{"rendered":"http:\/\/sts-france.com\/?page_id=26"},"modified":"2020-04-23T11:39:37","modified_gmt":"2020-04-23T09:39:37","slug":"nos-competences","status":"publish","type":"page","link":"https:\/\/sts-france.com\/index.php\/nos-competences\/","title":{"rendered":"Nos comp\u00e9tences"},"content":{"rendered":"\n<p>Bricoleurs, curieux, et en qu\u00eate constante d&#8217;innovation, nous avons toujours eu l&#8217;envie d&#8217;am\u00e9liorer le quotidien.<\/p>\n\n\n\n<p>Apr\u00e8s avoir d\u00e9fini votre projet, nous produisons des d\u00e9monstrateurs technologiques, permettant d&#8217;\u00e9valuer avec vous les solutions choisies. Une  s\u00e9rie de prototypes est ensuite produite, permettant le test en  conditions r\u00e9elles, avant la constitution d&#8217;un dossier technique  permettant un dialogue plus juste avec l&#8217;industriel de production. <\/p>\n\n\n\n<p>Nos comp\u00e9tences couvrent toutes les \u00e9tapes du processus industriel, en commen\u00e7ant par la conception, la mod\u00e9lisation en 3D, et la mise en plan. Ces \u00e9tapes sont r\u00e9fl\u00e9chies avec une vision pr\u00e9cise des moyens de mise en oeuvre, permettant ainsi de concevoir vos projets au plus juste.<\/p>\n\n\n\n<p>Pour des petites pi\u00e8ces, nous pouvons rapidement vous proposer un prototype produit par impression 3D, avant d&#8217;envisager l&#8217;usinage dans un m\u00e9tal, par exemple.<\/p>\n\n\n\n<p>L&#8217;excellente maitrise \u00e0 tous les niveaux des mat\u00e9riaux composites par l&#8217;\u00e9quipe nous permet de proposer des solutions \u00e0 la pointe de la technologie, vous permettant d&#8217;acc\u00e9der \u00e0 des produits de tr\u00e8s haute qualit\u00e9, r\u00e9alis\u00e9s avec un niveau d&#8217;exigence \u00e9lev\u00e9.<br><\/p>\n","protected":false},"excerpt":{"rendered":"<p>Bricoleurs, curieux, et en qu\u00eate constante d&#8217;innovation, nous avons toujours eu l&#8217;envie d&#8217;am\u00e9liorer le quotidien. Apr\u00e8s avoir d\u00e9fini votre projet, nous produisons des d\u00e9monstrateurs technologiques, permettant d&#8217;\u00e9valuer avec vous les solutions choisies. Une s\u00e9rie de prototypes est ensuite produite, permettant le test en conditions r\u00e9elles, avant la constitution d&#8217;un dossier technique permettant un dialogue plus&hellip; <br \/> <a class=\"read-more\" href=\"https:\/\/sts-france.com\/index.php\/nos-competences\/\">Read more<\/a><\/p>\n","protected":false},"author":1,"featured_media":0,"parent":0,"menu_order":0,"comment_status":"closed","ping_status":"closed","template":"","meta":{"footnotes":""},"_links":{"self":[{"href":"https:\/\/sts-france.com\/index.php\/wp-json\/wp\/v2\/pages\/26"}],"collection":[{"href":"https:\/\/sts-france.com\/index.php\/wp-json\/wp\/v2\/pages"}],"about":[{"href":"https:\/\/sts-france.com\/index.php\/wp-json\/wp\/v2\/types\/page"}],"author":[{"embeddable":true,"href":"https:\/\/sts-france.com\/index.php\/wp-json\/wp\/v2\/users\/1"}],"replies":[{"embeddable":true,"href":"https:\/\/sts-france.com\/index.php\/wp-json\/wp\/v2\/comments?post=26"}],"version-history":[{"count":5,"href":"https:\/\/sts-france.com\/index.php\/wp-json\/wp\/v2\/pages\/26\/revisions"}],"predecessor-version":[{"id":176,"href":"https:\/\/sts-france.com\/index.php\/wp-json\/wp\/v2\/pages\/26\/revisions\/176"}],"wp:attachment":[{"href":"https:\/\/sts-france.com\/index.php\/wp-json\/wp\/v2\/media?parent=26"}],"curies":[{"name":"wp","href":"https:\/\/api.w.org\/{rel}","templated":true}]}}