{"id":31,"date":"2019-04-14T21:36:20","date_gmt":"2019-04-14T19:36:20","guid":{"rendered":"http:\/\/sts-france.com\/?page_id=31"},"modified":"2019-06-06T17:44:30","modified_gmt":"2019-06-06T15:44:30","slug":"qui-sommes-nous","status":"publish","type":"page","link":"https:\/\/sts-france.com\/index.php\/qui-sommes-nous\/","title":{"rendered":"Qui sommes nous ?"},"content":{"rendered":"\n<p>Apr\u00e8s avoir \u00e9volu\u00e9 dans diverses entreprises et administrations, STS vous propose d\u00e9sormais directement ses services afin de r\u00e9pondre \u00e0 vos besoins, quand vous en avez besoin.<\/p>\n\n\n\n<p>Habitu\u00e9s des d\u00e9lais courts et de la r\u00e9activit\u00e9, nous sommes en mesure de traduire vos demandes en un cahier des charges technique, et de concevoir les solutions qui vous conviennent, tout en comprenant vos utilisations et les contraintes associ\u00e9es. <br><\/p>\n\n\n\n<div class=\"wp-block-media-text alignwide\"><figure class=\"wp-block-media-text__media\"><img loading=\"lazy\" decoding=\"async\" width=\"639\" height=\"960\" src=\"http:\/\/sts-france.com\/wp-content\/uploads\/2019\/04\/34309094_10216492309923216_6431075400993996800_n.jpg\" alt=\"\" class=\"wp-image-140\" srcset=\"https:\/\/sts-france.com\/wp-content\/uploads\/2019\/04\/34309094_10216492309923216_6431075400993996800_n.jpg 639w, https:\/\/sts-france.com\/wp-content\/uploads\/2019\/04\/34309094_10216492309923216_6431075400993996800_n-200x300.jpg 200w\" sizes=\"(max-width: 639px) 100vw, 639px\" \/><\/figure><div class=\"wp-block-media-text__content\">\n<p>Cr\u00e9ateur de STS, Jean a particip\u00e9 personnellement \u00e0 plus de 30 projets, pour des particuliers, des entreprises priv\u00e9es, ou des administrations fran\u00e7aises.<\/p>\n\n\n\n<p>Dipl\u00f4m\u00e9 d&#8217;un doctorat en g\u00e9nie m\u00e9canique, sp\u00e9cialit\u00e9 g\u00e9nie des mat\u00e9riaux, Jean est \u00e9galement formateur dans le domaine des composites hautes performances \u00e0 vocations a\u00e9ronautiques. <\/p>\n\n\n\n<p>Sp\u00e9cialis\u00e9 dans la mise en \u0153uvre des mat\u00e9riaux, ses comp\u00e9tences permettent \u00e0 STS de proposer des solutions technologiques \u00e0 la pointe, en terme de proc\u00e9d\u00e9s, mati\u00e8res, et qualit\u00e9 finales.<\/p>\n<\/div><\/div>\n","protected":false},"excerpt":{"rendered":"<p>Apr\u00e8s avoir \u00e9volu\u00e9 dans diverses entreprises et administrations, STS vous propose d\u00e9sormais directement ses services afin de r\u00e9pondre \u00e0 vos besoins, quand vous en avez besoin. Habitu\u00e9s des d\u00e9lais courts et de la r\u00e9activit\u00e9, nous sommes en mesure de traduire vos demandes en un cahier des charges technique, et de concevoir les solutions qui vous&hellip; <br \/> <a class=\"read-more\" href=\"https:\/\/sts-france.com\/index.php\/qui-sommes-nous\/\">Read more<\/a><\/p>\n","protected":false},"author":1,"featured_media":0,"parent":0,"menu_order":0,"comment_status":"closed","ping_status":"closed","template":"","meta":{"footnotes":""},"_links":{"self":[{"href":"https:\/\/sts-france.com\/index.php\/wp-json\/wp\/v2\/pages\/31"}],"collection":[{"href":"https:\/\/sts-france.com\/index.php\/wp-json\/wp\/v2\/pages"}],"about":[{"href":"https:\/\/sts-france.com\/index.php\/wp-json\/wp\/v2\/types\/page"}],"author":[{"embeddable":true,"href":"https:\/\/sts-france.com\/index.php\/wp-json\/wp\/v2\/users\/1"}],"replies":[{"embeddable":true,"href":"https:\/\/sts-france.com\/index.php\/wp-json\/wp\/v2\/comments?post=31"}],"version-history":[{"count":5,"href":"https:\/\/sts-france.com\/index.php\/wp-json\/wp\/v2\/pages\/31\/revisions"}],"predecessor-version":[{"id":148,"href":"https:\/\/sts-france.com\/index.php\/wp-json\/wp\/v2\/pages\/31\/revisions\/148"}],"wp:attachment":[{"href":"https:\/\/sts-france.com\/index.php\/wp-json\/wp\/v2\/media?parent=31"}],"curies":[{"name":"wp","href":"https:\/\/api.w.org\/{rel}","templated":true}]}}